{"id":325,"date":"2026-05-04T16:24:17","date_gmt":"2026-05-04T14:24:17","guid":{"rendered":"https:\/\/pbm3h23bat.web.bib.de\/?page_id=325"},"modified":"2026-05-04T16:44:15","modified_gmt":"2026-05-04T14:44:15","slug":"datenschutzerklaerung-bochum","status":"publish","type":"page","link":"https:\/\/pbm3h23bat.web.bib.de\/index.php\/datenschutzerklaerung-bochum\/","title":{"rendered":"Datenschutzerkl\u00e4rung"},"content":{"rendered":"\t\t<div data-elementor-type=\"wp-page\" data-elementor-id=\"325\" class=\"elementor elementor-325\">\n\t\t\t\t<div class=\"elementor-element elementor-element-d0b42ed e-flex e-con-boxed e-con e-parent\" data-id=\"d0b42ed\" data-element_type=\"container\" data-e-type=\"container\">\n\t\t\t\t\t<div class=\"e-con-inner\">\n\t\t\t\t<div class=\"elementor-element elementor-element-da5458b elementor-widget elementor-widget-heading\" data-id=\"da5458b\" data-element_type=\"widget\" data-e-type=\"widget\" data-widget_type=\"heading.default\">\n\t\t\t\t\t<h1 class=\"elementor-heading-title elementor-size-default\">Datenschutzerkl\u00e4rung<\/h1>\t\t\t\t<\/div>\n\t\t\t\t\t<\/div>\n\t\t\t\t<\/div>\n\t\t<div class=\"elementor-element elementor-element-1a0b2ce e-flex e-con-boxed e-con e-parent\" data-id=\"1a0b2ce\" data-element_type=\"container\" data-e-type=\"container\">\n\t\t\t\t\t<div class=\"e-con-inner\">\n\t\t\t\t<div class=\"elementor-element elementor-element-28d0de7 elementor-widget elementor-widget-text-editor\" data-id=\"28d0de7\" data-element_type=\"widget\" data-e-type=\"widget\" data-widget_type=\"text-editor.default\">\n\t\t\t\t\t\t\t\t\t<p>Sie erhalten als Nutzer unserer Internetseite in dieser Datenschutzerkl\u00e4rung alle notwendigen Informationen dar\u00fcber, wie, in welchem Umfang sowie zu welchem Zweck wir oder Drittanbieter Daten von Ihnen erheben und diese verwenden. Die Erhebung und Nutzung Ihrer Daten erfolgt streng nach den Vorgaben des Bundesdatenschutzgesetzes (BDSG) und des Telemediengesetzes (TMG). Wir f\u00fchlen uns der Vertraulichkeit Ihrer personenbezogenen Daten besonders verpflichtet und arbeiten deshalb streng innerhalb der Grenzen, die die gesetzlichen Vorgaben uns setzen. Die Erhebung dieser personenbezogenen Daten erfolgt auf freiwilliger Basis, wenn uns das m\u00f6glich ist. Auch geben wir diese Daten nur mit Ihrer ausdr\u00fccklichen Zustimmung an Dritte weiter. Wir sorgen bei besonders vertraulichen Daten wie im Zahlungsverkehr oder im Hinblick auf Ihre Anfragen an uns durch Einsatz einer SSL-Verschl\u00fcsselung f\u00fcr hohe Sicherheit. Wir m\u00f6chten es aber an dieser Stelle nicht vers\u00e4umen, auf die allgemeinen Gefahren der Internetnutzung hinzuweisen, auf die wir keinen Einfluss haben. Besonders im E-Mail-Verkehr sind Ihre Daten ohne weitere Vorkehrungen nicht sicher und k\u00f6nnen unter Umst\u00e4nden von Dritten erfasst werden.<\/p><h2>Auskunft, L\u00f6schung, Sperrung<\/h2><p>Sie erhalten jederzeit unentgeltlich Auskunft \u00fcber die von uns gespeicherten personenbezogenen Daten zu Ihrer Person sowie zur Herkunft, dem Empf\u00e4nger und dem Zweck von Datenerhebung sowie Datenverarbeitung. Au\u00dferdem haben Sie das Recht, die Berichtigung, die Sperrung oder L\u00f6schung Ihrer Daten zu verlangen. Ausgenommen davon sind Daten, die aufgrund gesetzlicher Vorschriften aufbewahrt oder zur ordnungsgem\u00e4\u00dfen Gesch\u00e4ftsabwicklung ben\u00f6tigt werden. Damit eine Datensperre jederzeit realisiert werden kann, werden Daten zu Kontrollzwecken in einer Sperrdatei vorgehalten. Werden Daten nicht von einer gesetzlichen Archivierungspflicht erfasst, l\u00f6schen wir Ihre Daten auf Ihren Wunsch. Greift die Archivierungspflicht, sperren wir Ihre Daten. F\u00fcr alle Fragen und Anliegen zur Berichtigung, Sperrung oder L\u00f6schung von personenbezogenen Daten wenden Sie sich bitte an die im Impressum genannte Adresse.<\/p><h2>Erhebung von Zugriffsdaten<\/h2><p>Die Auslieferung und Darstellung der Inhalte \u00fcber unsere Webseite erfordert technisch die Erfassung bestimmter Daten. Mit Ihrem Zugriff auf unsere Webseite werden diese sogenannten Server-Logfiles durch uns oder den Provider des Webspace erfasst. Diese Logfiles erlauben keinen R\u00fcckschluss auf Sie und Ihre Person. Die entsprechenden Informationen bestehen aus dem Namen der Webseite, der Datei, dem aktuellen Datum, der Datenmenge, dem Webrowser und seiner Version, dem eingesetzten Betriebssystem, dem Domain-Namen Ihres Internet-Providers, der Referrer-URL als jene Seite, von der Sie auf unsere Seite gewechselt sind, sowie der entsprechenden IP-Adresse. Wir nutzen diese Daten zur Darstellung und Auslieferung unserer Inhalte sowie zu statistischen Zwecken. Die Informationen unterst\u00fctzen die Bereitstellung und st\u00e4ndige Verbesserung unseres Angebots. Auch behalten wir uns vor, die erw\u00e4hnten Daten nachtr\u00e4glich zu pr\u00fcfen, sollte der Verdacht auf eine rechtswidrige Nutzung unseres Angebotes bestehen.<\/p><h2>Inhalte und Dienste von Drittanbietern<\/h2><p>Das Angebot auf unserer Webseite erfasst unter Umst\u00e4nden auch Inhalte, Dienste und Leistungen von anderen Anbietern, die unser Angebot erg\u00e4nzen. Beispiele f\u00fcr solche Angebote sind Karten von Google-Maps, YouTube-Videos oder Grafikdarstellungen Dritter. Der Aufruf dieser Leistungen von dritter Seite erfordert regelm\u00e4\u00dfig die \u00dcbermittlung Ihrer IP-Adresse. Damit ist es diesen Anbietern m\u00f6glich, Ihre Nutzer-IP-Adresse wahrzunehmen und diese auch zu speichern. Wir bem\u00fchen uns sehr, nur solche Drittanbieter einzubeziehen, die IP-Adressen allein zur Auslieferung der Inhalte nutzen. Wir haben dabei jedoch keinen Einfluss darauf, welcher Drittanbieter gegebenenfalls die IP-Adresse speichert. Diese Speicherung kann zum Beispiel statistischen Zwecken dienen. Sollten wir von Speicherungsvorg\u00e4ngen durch Drittanbieter Kenntnis erlangen, weisen wir unsere Nutzer unverz\u00fcglich auf diese Tatsache hin. Beachten Sie bitte in diesem Zusammenhang auch die speziellen Datenschutzerkl\u00e4rungen zu einzelnen Drittanbietern und Dienstleistern, deren Service wir auf unserer Webseite nutzen. Sie finden Sie ebenfalls in dieser Datenschutzerkl\u00e4rung.<\/p><h2>Server Logfiles<\/h2><p>Bei den Server Logfiles handelt es sich um anonymisierte Daten, die bei Ihrem Zugriff auf unsere Webseite erfasst werden. Diese Informationen erm\u00f6glichen keine R\u00fcckschl\u00fcsse auf Sie pers\u00f6nlich, sind aber aus technischen Gr\u00fcnden f\u00fcr die Auslieferung und Darstellung unserer Inhalte unverzichtbar. Weiterhin dienen Sie unserer Statistik und der st\u00e4ndigen Optimierung unserer Inhalte. Typische Logfiles sind das Datum und die Zeit des Zugriffs, die Datenmenge, der f\u00fcr den Zugriff benutzte Browser und seine Version, das eingesetzte Betriebssystem, der Domainname des von Ihnen beauftragten Providers, die Seite, von der Sie zu unserem Angebot gekommen sind (Referrer-URL) und Ihre IP-Adresse. Logfiles erm\u00f6glichen au\u00dferdem eine genaue Pr\u00fcfung bei Verdacht auf eine rechtswidrige Nutzung unserer Webseite.<\/p><h2>Facebook Plugin<\/h2><p>Sie finden auf unserer Webseite Plugins des sozialen Netzwerks Facebook. Dessen Anbieter ist die Facebook Inc. Sie ist ans\u00e4ssig in den USA, California 94025, 1 Hacker Way, Menlo Park. Das Facebook-Logo oder der &#8222;Like-Button&#8220; (&#8222;Gef\u00e4llt mir&#8220;-Knopf) auf unserer Seite kennzeichnen die Facebook-Plugins f\u00fcr Sie erkennbar. Beachten Sie auch die \u00dcbersicht zu den Facebook-Plugins auf http:\/\/developers.facebook.com\/docs\/plugins\/. Bei Ihrem Besuch auf unserer Webseite stellen wir \u00fcber das Plugin direkt eine Verbindung mit dem Facebook-Server her. Sie sind dann \u00fcber Ihren Browser dorthin geschaltet. F\u00fcr Facebook ist damit die Information verbunden, dass Sie unsere Webseite mit Ihrer IP-Adresse besucht haben. Mit einem Klick auf den Facebook &#8222;Like-Button&#8220; verlinken Sie Inhalte unserer Webseite mit Ihrem Profil auf Facebook. F\u00fcr Facebook wird der Besuch auf unserer Seite Ihrem Benutzerkonto zuordenbar. Dabei haben wir keine Kenntnis dar\u00fcber, welcher Art die Inhalte sind, die an Facebook \u00fcbermittelt werden und wie Facebook diese nutzt. Erhalten Sie n\u00e4here Informationen zur Datenerhebung und Datennutzung in der Facebook-Datenschutzerkl\u00e4rung, die Sie unter http:\/\/de-de.facebook.com\/policy.php finden. Sie k\u00f6nnen die Zuordnung Ihres Besuches auf unserer Seite mit Ihrem Facebook-Profil unterbinden, indem Sie sich einfach vorher aus Ihrem Facebook-Account ausloggen.<\/p><h2>Twitter Plugin<\/h2><p>Wir nutzen auf unserer Webseite auch Funktionen des Mikrobloggingdienstes Twitter. Betreiber von Twitter ist Twitter Inc. Die US-amerikanische Firma ist ans\u00e4ssig in den USA, San Francisco, CA 94103, 1355 Market St, Suite 900. Hauptfunktion von Twitter ist die &#8222;Tweet-Funktion&#8220;. Nutzen Sie diese \u00fcber unsere Internetseite, findet eine Verkn\u00fcpfung mit Ihrem Twitter-Account statt. Es kann zum Datenaustausch mit anderen Nutzern kommen und zur \u00dcbertragung von Daten an Twitter. Wir erhalten keine Kenntnis von dem Inhalt der an Twitter gesendeten Daten, noch werden wir \u00fcber deren Nutzung in Kenntnis gesetzt. Informieren Sie sich zu diesen Fragen unter http:\/\/twitter.com\/privacy. Dort finden Sie die ausf\u00fchrliche Datenschutzerkl\u00e4rung von Twitter. Weiterhin bietet Ihnen die Plattform die M\u00f6glichkeit, \u00fcber http:\/\/twitter.com\/account\/settings Ihre Datenschutzeinstellungen selbst zu gestalten.<\/p><p>Diese Datenschutzerkl\u00e4rung wurde erstellt durch\u00a0<a href=\"https:\/\/www.datenschutzexperte.de\/\">www.datenschutzexperte.de<\/a><\/p><center><span style=\"color: #ffffff; font-family: Arial; font-size: small;\"><b>Zur\u00fcck zur<\/b><\/span><\/center>\t\t\t\t\t\t\t\t<\/div>\n\t\t\t\t\t<\/div>\n\t\t\t\t<\/div>\n\t\t\t\t<\/div>\n\t\t","protected":false},"excerpt":{"rendered":"<p>Datenschutzerkl\u00e4rung Sie erhalten als Nutzer unserer Internetseite in dieser Datenschutzerkl\u00e4rung alle notwendigen Informationen dar\u00fcber, wie, in welchem Umfang sowie zu welchem Zweck wir oder Drittanbieter Daten von Ihnen erheben und diese verwenden. Die Erhebung und Nutzung Ihrer Daten erfolgt streng nach den Vorgaben des Bundesdatenschutzgesetzes (BDSG) und des Telemediengesetzes (TMG). Wir f\u00fchlen uns der Vertraulichkeit [&hellip;]<\/p>\n","protected":false},"author":1,"featured_media":0,"parent":0,"menu_order":0,"comment_status":"closed","ping_status":"closed","template":"","meta":{"footnotes":""},"class_list":["post-325","page","type-page","status-publish","hentry"],"_links":{"self":[{"href":"https:\/\/pbm3h23bat.web.bib.de\/index.php\/wp-json\/wp\/v2\/pages\/325","targetHints":{"allow":["GET"]}}],"collection":[{"href":"https:\/\/pbm3h23bat.web.bib.de\/index.php\/wp-json\/wp\/v2\/pages"}],"about":[{"href":"https:\/\/pbm3h23bat.web.bib.de\/index.php\/wp-json\/wp\/v2\/types\/page"}],"author":[{"embeddable":true,"href":"https:\/\/pbm3h23bat.web.bib.de\/index.php\/wp-json\/wp\/v2\/users\/1"}],"replies":[{"embeddable":true,"href":"https:\/\/pbm3h23bat.web.bib.de\/index.php\/wp-json\/wp\/v2\/comments?post=325"}],"version-history":[{"count":9,"href":"https:\/\/pbm3h23bat.web.bib.de\/index.php\/wp-json\/wp\/v2\/pages\/325\/revisions"}],"predecessor-version":[{"id":358,"href":"https:\/\/pbm3h23bat.web.bib.de\/index.php\/wp-json\/wp\/v2\/pages\/325\/revisions\/358"}],"wp:attachment":[{"href":"https:\/\/pbm3h23bat.web.bib.de\/index.php\/wp-json\/wp\/v2\/media?parent=325"}],"curies":[{"name":"wp","href":"https:\/\/api.w.org\/{rel}","templated":true}]}}